{"id":1034,"date":"2024-02-10T13:42:35","date_gmt":"2024-02-10T13:42:35","guid":{"rendered":"https:\/\/startersites.io\/elementor\/smile-dent\/?page_id=1034"},"modified":"2025-11-19T12:44:07","modified_gmt":"2025-11-19T12:44:07","slug":"nosotros","status":"publish","type":"page","link":"https:\/\/otec-yareta.cl\/index.php\/nosotros\/","title":{"rendered":"Nosotros"},"content":{"rendered":"\t\t<div data-elementor-type=\"wp-page\" data-elementor-id=\"1034\" class=\"elementor elementor-1034\" data-elementor-post-type=\"page\">\n\t\t\t\t<div class=\"elementor-element elementor-element-21fc403 e-flex e-con-boxed wpr-particle-no wpr-jarallax-no wpr-parallax-no wpr-sticky-section-no e-con e-parent\" data-id=\"21fc403\" data-element_type=\"container\" data-settings=\"{&quot;background_background&quot;:&quot;classic&quot;}\">\n\t\t\t\t\t<div class=\"e-con-inner\">\n\t\t<div class=\"elementor-element elementor-element-3b99d1b e-flex e-con-boxed wpr-particle-no wpr-jarallax-no wpr-parallax-no wpr-sticky-section-no e-con e-child\" data-id=\"3b99d1b\" data-element_type=\"container\" data-settings=\"{&quot;background_background&quot;:&quot;classic&quot;}\">\n\t\t\t\t\t<div class=\"e-con-inner\">\n\t\t<div class=\"elementor-element elementor-element-808fb92 e-con-full e-flex wpr-particle-no wpr-jarallax-no wpr-parallax-no wpr-sticky-section-no e-con e-child\" data-id=\"808fb92\" data-element_type=\"container\">\n\t\t\t\t<div class=\"elementor-element elementor-element-69e14f5 elementor-widget elementor-widget-heading\" data-id=\"69e14f5\" data-element_type=\"widget\" data-widget_type=\"heading.default\">\n\t\t\t\t\t<h2 class=\"elementor-heading-title elementor-size-default\">Nosotros<\/h2>\t\t\t\t<\/div>\n\t\t\t\t<div class=\"elementor-element elementor-element-7fca67a elementor-widget elementor-widget-text-editor\" data-id=\"7fca67a\" data-element_type=\"widget\" data-widget_type=\"text-editor.default\">\n\t\t\t\t\t\t\t\t\t<p>Excelencia T\u00e9cnica con Ra\u00edces en el Desierto.<\/p>\t\t\t\t\t\t\t\t<\/div>\n\t\t\t\t<div class=\"elementor-element elementor-element-6ea1013 elementor-widget elementor-widget-button\" data-id=\"6ea1013\" data-element_type=\"widget\" data-widget_type=\"button.default\">\n\t\t\t\t\t\t\t\t\t\t<a class=\"elementor-button elementor-button-link elementor-size-sm\" href=\"#\">\n\t\t\t\t\t\t<span class=\"elementor-button-content-wrapper\">\n\t\t\t\t\t\t<span class=\"elementor-button-icon\">\n\t\t\t\t<svg xmlns=\"http:\/\/www.w3.org\/2000\/svg\" viewBox=\"0 0 24 24\"><path fill-rule=\"evenodd\" d=\"M24 0v22.78h-2.87V4.9L2.03 24 0 21.97l19.1-19.1H1.26V0H24Z\"><\/path><\/svg>\t\t\t<\/span>\n\t\t\t\t\t\t\t\t\t<span class=\"elementor-button-text\">Ver M\u00e1s<\/span>\n\t\t\t\t\t<\/span>\n\t\t\t\t\t<\/a>\n\t\t\t\t\t\t\t\t<\/div>\n\t\t\t\t<\/div>\n\t\t<div class=\"elementor-element elementor-element-ee88ee0 e-con-full e-flex wpr-particle-no wpr-jarallax-no wpr-parallax-no wpr-sticky-section-no e-con e-child\" data-id=\"ee88ee0\" data-element_type=\"container\">\n\t\t\t\t<\/div>\n\t\t\t\t\t<\/div>\n\t\t\t\t<\/div>\n\t\t\t\t\t<\/div>\n\t\t\t\t<\/div>\n\t\t<div class=\"elementor-element elementor-element-05d5f64 e-flex e-con-boxed wpr-particle-no wpr-jarallax-no wpr-parallax-no wpr-sticky-section-no e-con e-parent\" data-id=\"05d5f64\" data-element_type=\"container\">\n\t\t\t\t\t<div class=\"e-con-inner\">\n\t\t<div class=\"elementor-element elementor-element-3d05ddc e-con-full e-flex wpr-particle-no wpr-jarallax-no wpr-parallax-no wpr-sticky-section-no e-con e-child\" data-id=\"3d05ddc\" data-element_type=\"container\" data-settings=\"{&quot;background_background&quot;:&quot;classic&quot;}\">\n\t\t\t\t<div class=\"elementor-element elementor-element-14fa9a9 elementor-widget elementor-widget-image\" data-id=\"14fa9a9\" data-element_type=\"widget\" data-widget_type=\"image.default\">\n\t\t\t\t\t\t\t\t\t\t\t\t\t\t\t<img fetchpriority=\"high\" decoding=\"async\" width=\"792\" height=\"1024\" src=\"https:\/\/otec-yareta.cl\/wp-content\/uploads\/2025\/11\/vertical1-792x1024.jpg\" class=\"attachment-large size-large wp-image-1752\" alt=\"\" srcset=\"https:\/\/otec-yareta.cl\/wp-content\/uploads\/2025\/11\/vertical1-792x1024.jpg 792w, https:\/\/otec-yareta.cl\/wp-content\/uploads\/2025\/11\/vertical1-600x775.jpg 600w, https:\/\/otec-yareta.cl\/wp-content\/uploads\/2025\/11\/vertical1-232x300.jpg 232w, https:\/\/otec-yareta.cl\/wp-content\/uploads\/2025\/11\/vertical1-768x992.jpg 768w, https:\/\/otec-yareta.cl\/wp-content\/uploads\/2025\/11\/vertical1.jpg 1023w\" sizes=\"(max-width: 792px) 100vw, 792px\" \/>\t\t\t\t\t\t\t\t\t\t\t\t\t\t\t<\/div>\n\t\t\t\t<\/div>\n\t\t<div class=\"elementor-element elementor-element-37c51f6 e-con-full e-flex wpr-particle-no wpr-jarallax-no wpr-parallax-no wpr-sticky-section-no e-con e-child\" data-id=\"37c51f6\" data-element_type=\"container\">\n\t\t\t\t<div class=\"elementor-element elementor-element-0870c5c elementor-widget elementor-widget-heading\" data-id=\"0870c5c\" data-element_type=\"widget\" data-widget_type=\"heading.default\">\n\t\t\t\t\t<h2 class=\"elementor-heading-title elementor-size-default\">Misi\u00f3n<\/h2>\t\t\t\t<\/div>\n\t\t\t\t<div class=\"elementor-element elementor-element-793e645 elementor-widget elementor-widget-text-editor\" data-id=\"793e645\" data-element_type=\"widget\" data-widget_type=\"text-editor.default\">\n\t\t\t\t\t\t\t\t\t<p data-path-to-node=\"3\">El <b>Centro de Capacitaci\u00f3n YARETA<\/b> es un Organismo T\u00e9cnico de Capacitaci\u00f3n (<b>OTEC<\/b>) chileno, focalizado en el <b>norte de Chile<\/b> (zona minera, industrial y cosmopolita), que se consolida como un <b>socio estrat\u00e9gico<\/b> en el sector productivo y educativo.<\/p>\t\t\t\t\t\t\t\t<\/div>\n\t\t\t\t<div class=\"elementor-element elementor-element-7eea5ab elementor-widget elementor-widget-text-editor\" data-id=\"7eea5ab\" data-element_type=\"widget\" data-widget_type=\"text-editor.default\">\n\t\t\t\t\t\t\t\t\t<p>La misi\u00f3n de YARETA es proveer <b>soluciones formativas de excelencia t\u00e9cnica, pertinente a la identidad regional y con visi\u00f3n de futuro<\/b>, asegurando calidad, integrando conocimiento especializado y alineando su oferta con los desaf\u00edos estrat\u00e9gicos de los sectores productivos del norte de Chile.<\/p>\t\t\t\t\t\t\t\t<\/div>\n\t\t\t\t<\/div>\n\t\t\t\t\t<\/div>\n\t\t\t\t<\/div>\n\t\t<div class=\"elementor-element elementor-element-ab97f42 e-flex e-con-boxed wpr-particle-no wpr-jarallax-no wpr-parallax-no wpr-sticky-section-no e-con e-parent\" data-id=\"ab97f42\" data-element_type=\"container\">\n\t\t\t\t\t<div class=\"e-con-inner\">\n\t\t<div class=\"elementor-element elementor-element-b68c017 e-con-full e-flex wpr-particle-no wpr-jarallax-no wpr-parallax-no wpr-sticky-section-no e-con e-child\" data-id=\"b68c017\" data-element_type=\"container\">\n\t\t\t\t<div class=\"elementor-element elementor-element-4b3ddf1 elementor-widget elementor-widget-heading\" data-id=\"4b3ddf1\" data-element_type=\"widget\" data-widget_type=\"heading.default\">\n\t\t\t\t\t<h2 class=\"elementor-heading-title elementor-size-default\">Visi\u00f3n<\/h2>\t\t\t\t<\/div>\n\t\t\t\t<div class=\"elementor-element elementor-element-a8d852a elementor-widget elementor-widget-text-editor\" data-id=\"a8d852a\" data-element_type=\"widget\" data-widget_type=\"text-editor.default\">\n\t\t\t\t\t\t\t\t\t<p data-path-to-node=\"3\">YARETA aspira a ser un <b>referente regional en gesti\u00f3n de calidad de la capacitaci\u00f3n t\u00e9cnica y profesional<\/b>, contribuyendo a la mejora continua y sostenible del capital humano a trav\u00e9s de una formaci\u00f3n especializada que integra <b>investigaci\u00f3n aplicada, innovaci\u00f3n metodol\u00f3gica y transferencia de conocimiento<\/b> para responder a los desaf\u00edos de la regi\u00f3n y el pa\u00eds.<\/p>\t\t\t\t\t\t\t\t<\/div>\n\t\t\t\t<\/div>\n\t\t<div class=\"elementor-element elementor-element-7c639a9 e-con-full e-flex wpr-particle-no wpr-jarallax-no wpr-parallax-no wpr-sticky-section-no e-con e-child\" data-id=\"7c639a9\" data-element_type=\"container\" data-settings=\"{&quot;background_background&quot;:&quot;classic&quot;}\">\n\t\t\t\t<div class=\"elementor-element elementor-element-75e48d4 elementor-widget elementor-widget-image\" data-id=\"75e48d4\" data-element_type=\"widget\" data-widget_type=\"image.default\">\n\t\t\t\t\t\t\t\t\t\t\t\t\t\t\t<img decoding=\"async\" width=\"792\" height=\"1024\" src=\"https:\/\/otec-yareta.cl\/wp-content\/uploads\/2025\/11\/vertical2-792x1024.jpg\" class=\"attachment-large size-large wp-image-1751\" alt=\"\" srcset=\"https:\/\/otec-yareta.cl\/wp-content\/uploads\/2025\/11\/vertical2-792x1024.jpg 792w, https:\/\/otec-yareta.cl\/wp-content\/uploads\/2025\/11\/vertical2-600x775.jpg 600w, https:\/\/otec-yareta.cl\/wp-content\/uploads\/2025\/11\/vertical2-232x300.jpg 232w, https:\/\/otec-yareta.cl\/wp-content\/uploads\/2025\/11\/vertical2-768x992.jpg 768w, https:\/\/otec-yareta.cl\/wp-content\/uploads\/2025\/11\/vertical2.jpg 1023w\" sizes=\"(max-width: 792px) 100vw, 792px\" \/>\t\t\t\t\t\t\t\t\t\t\t\t\t\t\t<\/div>\n\t\t\t\t<\/div>\n\t\t\t\t\t<\/div>\n\t\t\t\t<\/div>\n\t\t\t\t<section class=\"elementor-section elementor-top-section elementor-element elementor-element-46a3996e0 elementor-section-height-min-height elementor-section-boxed elementor-section-height-default elementor-section-items-middle wpr-particle-no wpr-jarallax-no wpr-parallax-no wpr-sticky-section-no\" data-id=\"46a3996e0\" data-element_type=\"section\" data-settings=\"{&quot;background_background&quot;:&quot;classic&quot;}\">\n\t\t\t\t\t\t\t<div class=\"elementor-background-overlay\"><\/div>\n\t\t\t\t\t\t\t<div class=\"elementor-container elementor-column-gap-default\">\n\t\t\t\t\t<div class=\"elementor-column elementor-col-100 elementor-top-column elementor-element elementor-element-7c9791f\" data-id=\"7c9791f\" data-element_type=\"column\">\n\t\t\t<div class=\"elementor-widget-wrap elementor-element-populated\">\n\t\t\t\t\t\t<div class=\"elementor-element elementor-element-f5752e0 elementor-widget elementor-widget-image\" data-id=\"f5752e0\" data-element_type=\"widget\" data-widget_type=\"image.default\">\n\t\t\t\t\t\t\t\t\t\t\t\t\t\t\t<img decoding=\"async\" width=\"2000\" height=\"576\" src=\"https:\/\/otec-yareta.cl\/wp-content\/uploads\/2025\/11\/Logo-Ingenieria-Integral-4.png\" class=\"attachment-full size-full wp-image-1857\" alt=\"\" srcset=\"https:\/\/otec-yareta.cl\/wp-content\/uploads\/2025\/11\/Logo-Ingenieria-Integral-4.png 2000w, https:\/\/otec-yareta.cl\/wp-content\/uploads\/2025\/11\/Logo-Ingenieria-Integral-4-600x173.png 600w, https:\/\/otec-yareta.cl\/wp-content\/uploads\/2025\/11\/Logo-Ingenieria-Integral-4-300x86.png 300w, https:\/\/otec-yareta.cl\/wp-content\/uploads\/2025\/11\/Logo-Ingenieria-Integral-4-1024x295.png 1024w, https:\/\/otec-yareta.cl\/wp-content\/uploads\/2025\/11\/Logo-Ingenieria-Integral-4-768x221.png 768w, https:\/\/otec-yareta.cl\/wp-content\/uploads\/2025\/11\/Logo-Ingenieria-Integral-4-1536x442.png 1536w\" sizes=\"(max-width: 2000px) 100vw, 2000px\" \/>\t\t\t\t\t\t\t\t\t\t\t\t\t\t\t<\/div>\n\t\t\t\t<section class=\"elementor-section elementor-inner-section elementor-element elementor-element-55567470 elementor-section-boxed elementor-section-height-default elementor-section-height-default wpr-particle-no wpr-jarallax-no wpr-parallax-no wpr-sticky-section-no\" data-id=\"55567470\" data-element_type=\"section\">\n\t\t\t\t\t\t<div class=\"elementor-container elementor-column-gap-default\">\n\t\t\t\t\t<div class=\"elementor-column elementor-col-100 elementor-inner-column elementor-element elementor-element-7f288cfe\" data-id=\"7f288cfe\" data-element_type=\"column\">\n\t\t\t<div class=\"elementor-widget-wrap elementor-element-populated\">\n\t\t\t\t\t\t<div class=\"elementor-element elementor-element-2d3e0924 elementor-widget elementor-widget-text-editor\" data-id=\"2d3e0924\" data-element_type=\"widget\" data-widget_type=\"text-editor.default\">\n\t\t\t\t\t\t\t\t\t<p>Para ofrecer una <b>propuesta de valor completa<\/b>, disponemos de una empresa asociada que provee <b>servicios de consultor\u00eda y soporte t\u00e9cnico-profesional<\/b> de alto nivel. Su <i>expertise<\/i> abarca disciplinas cruciales como Geolog\u00eda, Geotecnia y Ciencia de la Ingenier\u00eda, garantizando la <b>soluci\u00f3n a sus desaf\u00edos m\u00e1s complejos<\/b>.<\/p>\t\t\t\t\t\t\t\t<\/div>\n\t\t\t\t\t<\/div>\n\t\t<\/div>\n\t\t\t\t\t<\/div>\n\t\t<\/section>\n\t\t\t\t<div class=\"elementor-element elementor-element-2e332936 wpr-button-icon-style-inline wpr-button-icon-position-right elementor-widget elementor-widget-wpr-button\" data-id=\"2e332936\" data-element_type=\"widget\" data-widget_type=\"wpr-button.default\">\n\t\t\t\t\t\t\n\t\t\t\n\t\t\n\t\t<div class=\"wpr-button-wrap elementor-clearfix\">\n\t\t<a class=\"wpr-button wpr-button-effect wpr-button-winona\" data-text=\"Vamos!\" href=\"https:\/\/ingenieria-integral.cl\/\" target=\"_blank\">\n\t\t\t\n\t\t\t<span class=\"wpr-button-content\">\n\t\t\t\t\t\t\t\t\t<span class=\"wpr-button-text\">Ir al Sitio<\/span>\n\t\t\t\t\t\t\t\t\n\t\t\t\t\t\t\t<\/span>\n\t\t<\/a>\n\n\t\t\t\t<\/div>\n\t\n\t\n\t\t\t\t\t<\/div>\n\t\t\t\t\t<\/div>\n\t\t<\/div>\n\t\t\t\t\t<\/div>\n\t\t<\/section>\n\t\t\t\t<\/div>\n\t\t","protected":false},"excerpt":{"rendered":"<p>Nosotros Excelencia T\u00e9cnica con Ra\u00edces en el Desierto. Ver M\u00e1s Misi\u00f3n El Centro de Capacitaci\u00f3n YARETA es un Organismo T\u00e9cnico de Capacitaci\u00f3n (OTEC) chileno, focalizado en el norte de Chile (zona minera, industrial y cosmopolita), que se consolida como un socio estrat\u00e9gico en el sector productivo y educativo. La misi\u00f3n de YARETA es proveer soluciones formativas de excelencia t\u00e9cnica, pertinente a la identidad regional y con visi\u00f3n de futuro, asegurando calidad, integrando conocimiento especializado y alineando su oferta con los desaf\u00edos estrat\u00e9gicos de los sectores productivos del norte de Chile. Visi\u00f3n YARETA aspira a ser un referente regional en gesti\u00f3n de calidad de la capacitaci\u00f3n t\u00e9cnica y profesional, contribuyendo a la mejora continua y sostenible del capital humano a trav\u00e9s de una formaci\u00f3n especializada que integra investigaci\u00f3n aplicada, innovaci\u00f3n metodol\u00f3gica y transferencia de conocimiento para responder a los desaf\u00edos de la regi\u00f3n y el pa\u00eds. Para ofrecer una propuesta de valor completa, disponemos de una empresa asociada que provee servicios de consultor\u00eda y soporte t\u00e9cnico-profesional de alto nivel. Su expertise abarca disciplinas cruciales como Geolog\u00eda, Geotecnia y Ciencia de la Ingenier\u00eda, garantizando la soluci\u00f3n a sus desaf\u00edos m\u00e1s complejos. Ir al Sitio<\/p>\n","protected":false},"author":1,"featured_media":0,"parent":0,"menu_order":0,"comment_status":"closed","ping_status":"closed","template":"","meta":{"footnotes":""},"class_list":["post-1034","page","type-page","status-publish","hentry"],"blocksy_meta":{"has_hero_section":"disabled","vertical_spacing_source":"custom","content_area_spacing":"none","styles_descriptor":{"styles":{"desktop":"","tablet":"","mobile":""},"google_fonts":[],"version":6}},"acf":[],"_links":{"self":[{"href":"https:\/\/otec-yareta.cl\/index.php\/wp-json\/wp\/v2\/pages\/1034","targetHints":{"allow":["GET"]}}],"collection":[{"href":"https:\/\/otec-yareta.cl\/index.php\/wp-json\/wp\/v2\/pages"}],"about":[{"href":"https:\/\/otec-yareta.cl\/index.php\/wp-json\/wp\/v2\/types\/page"}],"author":[{"embeddable":true,"href":"https:\/\/otec-yareta.cl\/index.php\/wp-json\/wp\/v2\/users\/1"}],"replies":[{"embeddable":true,"href":"https:\/\/otec-yareta.cl\/index.php\/wp-json\/wp\/v2\/comments?post=1034"}],"version-history":[{"count":58,"href":"https:\/\/otec-yareta.cl\/index.php\/wp-json\/wp\/v2\/pages\/1034\/revisions"}],"predecessor-version":[{"id":1860,"href":"https:\/\/otec-yareta.cl\/index.php\/wp-json\/wp\/v2\/pages\/1034\/revisions\/1860"}],"wp:attachment":[{"href":"https:\/\/otec-yareta.cl\/index.php\/wp-json\/wp\/v2\/media?parent=1034"}],"curies":[{"name":"wp","href":"https:\/\/api.w.org\/{rel}","templated":true}]}}