{"id":14,"date":"2024-01-29T16:48:15","date_gmt":"2024-01-29T16:48:15","guid":{"rendered":"https:\/\/startersites.io\/blocksy\/smile-dent\/?page_id=14"},"modified":"2025-11-19T13:36:29","modified_gmt":"2025-11-19T13:36:29","slug":"cursos","status":"publish","type":"page","link":"https:\/\/otec-yareta.cl\/index.php\/cursos\/","title":{"rendered":"Cursos"},"content":{"rendered":"\t\t<div data-elementor-type=\"wp-page\" data-elementor-id=\"14\" class=\"elementor elementor-14\" data-elementor-post-type=\"page\">\n\t\t\t\t<div class=\"elementor-element elementor-element-5abb224 e-flex e-con-boxed wpr-particle-no wpr-jarallax-no wpr-parallax-no wpr-sticky-section-no e-con e-parent\" data-id=\"5abb224\" data-element_type=\"container\">\n\t\t\t\t\t<div class=\"e-con-inner\">\n\t\t<div class=\"elementor-element elementor-element-dcef4a7 e-con-full e-flex wpr-particle-no wpr-jarallax-no wpr-parallax-no wpr-sticky-section-no e-con e-child\" data-id=\"dcef4a7\" data-element_type=\"container\">\n\t\t\t\t<div class=\"elementor-element elementor-element-7370280 wpr-grid-columns-3 wpr-grid-columns--tablet2 wpr-grid-columns--mobile1 wpr-grid-pagination-center wpr-item-styles-inner wpr-atc-popup-bottom elementor-widget elementor-widget-wpr-woo-grid\" data-id=\"7370280\" data-element_type=\"widget\" data-widget_type=\"wpr-woo-grid.default\">\n\t\t\t\t\t<ul class=\"wpr-grid-filters elementor-clearfix wpr-grid-filters-sep-right\"><li class=\" wpr-pointer-none wpr-pointer-line-fx wpr-pointer-fx-fade\"><span data-filter=\"*\" class=\"wpr-active-filter \"><i class=\" wpr-grid-filters-icon-left\"><\/i>All<\/span><em class=\"wpr-grid-filters-sep\"><\/em><\/li><li class=\" wpr-pointer-none wpr-pointer-line-fx wpr-pointer-fx-fade\"><span  data-ajax-filter=[\"product_cat\",\"sin-categorizar\"] data-filter=\".product_cat-sin-categorizar\"><i class=\" wpr-grid-filters-icon-left\"><\/i>Sin categorizar<\/span><em class=\"wpr-grid-filters-sep\"><\/em><\/li><li class=\" wpr-pointer-none wpr-pointer-line-fx wpr-pointer-fx-fade\"><span  data-ajax-filter=[\"product_cat\",\"ofimatica\"] data-filter=\".product_cat-ofimatica\"><i class=\" wpr-grid-filters-icon-left\"><\/i>Ofim\u00e1tica<\/span><em class=\"wpr-grid-filters-sep\"><\/em><\/li><\/ul><section class=\"wpr-grid elementor-clearfix\" data-settings=\"{&quot;layout&quot;:&quot;fitRows&quot;,&quot;stick_last_element_to_bottom&quot;:&quot;&quot;,&quot;columns_desktop&quot;:3,&quot;gutter_hr&quot;:37,&quot;gutter_hr_mobile&quot;:37,&quot;gutter_hr_mobile_extra&quot;:37,&quot;gutter_hr_tablet&quot;:37,&quot;gutter_hr_tablet_extra&quot;:37,&quot;gutter_hr_laptop&quot;:37,&quot;gutter_hr_widescreen&quot;:37,&quot;gutter_vr&quot;:30,&quot;gutter_vr_mobile&quot;:30,&quot;gutter_vr_mobile_extra&quot;:30,&quot;gutter_vr_tablet&quot;:30,&quot;gutter_vr_tablet_extra&quot;:30,&quot;gutter_vr_laptop&quot;:30,&quot;gutter_vr_widescreen&quot;:30,&quot;animation&quot;:&quot;fade&quot;,&quot;animation_duration&quot;:0.3,&quot;animation_delay&quot;:0.1,&quot;deeplinking&quot;:&quot;no&quot;,&quot;filters_linkable&quot;:&quot;no&quot;,&quot;filters_default_filter&quot;:&quot;&quot;,&quot;filters_count&quot;:&quot;no&quot;,&quot;filters_hide_empty&quot;:&quot;no&quot;,&quot;filters_animation&quot;:&quot;default&quot;,&quot;filters_animation_duration&quot;:0.3,&quot;filters_animation_delay&quot;:0.1,&quot;pagination_type&quot;:&quot;load-more&quot;,&quot;pagination_max_pages&quot;:1,&quot;query_posts_per_page&quot;:9,&quot;lightbox&quot;:{&quot;selector&quot;:&quot;.wpr-grid-image-wrap&quot;,&quot;iframeMaxWidth&quot;:&quot;60%&quot;,&quot;hash&quot;:false,&quot;autoplay&quot;:&quot;true&quot;,&quot;pause&quot;:5000,&quot;progressBar&quot;:&quot;true&quot;,&quot;counter&quot;:&quot;true&quot;,&quot;controls&quot;:&quot;true&quot;,&quot;getCaptionFromTitleOrAlt&quot;:&quot;true&quot;,&quot;thumbnail&quot;:&quot;true&quot;,&quot;showThumbByDefault&quot;:&quot;true&quot;,&quot;share&quot;:&quot;true&quot;,&quot;zoom&quot;:&quot;true&quot;,&quot;fullScreen&quot;:&quot;true&quot;,&quot;download&quot;:&quot;true&quot;}}\" data-advanced-filters=\"no\" data-found-posts = 3><article class=\"wpr-grid-item elementor-clearfix post-1864 product type-product status-publish has-post-thumbnail product_cat-ofimatica first instock shipping-taxable product-type-simple\"><div class=\"wpr-grid-item-inner\"><div class=\"wpr-grid-media-wrap wpr-effect-size-medium \" data-overlay-link=\"yes\"><div class=\"wpr-grid-image-wrap\" data-src=\"https:\/\/otec-yareta.cl\/wp-content\/uploads\/2025\/11\/curso-office-365-excel-basico.jpg\"  data-img-on-hover=\"\" data-src-secondary=\"\"><img decoding=\"async\" src=\"https:\/\/otec-yareta.cl\/wp-content\/uploads\/2025\/11\/curso-office-365-excel-basico.jpg\" alt=\"MS Excel 365, nivel b\u00e1sico\" class=\"wpr-anim-timing-ease-default\"><\/div><div class=\"wpr-grid-media-hover wpr-animation-wrap\"><div class=\"wpr-grid-media-hover-bg  wpr-overlay-fade-in wpr-anim-size-large wpr-anim-timing-ease-default wpr-anim-transparency\" data-url=\"https:\/\/otec-yareta.cl\/index.php\/producto\/ms-excel-365-nivel-basico\/\"><\/div><div class=\"wpr-cv-container\"><div class=\"wpr-cv-outer\"><div class=\"wpr-cv-inner\"><div class=\"wpr-grid-media-hover-middle elementor-clearfix\"><div class=\"wpr-grid-item-status elementor-repeater-item-8c79e75 wpr-grid-item-display-block wpr-grid-item-align-middle wpr-element-fade-in wpr-anim-size-large wpr-anim-timing-ease-default wpr-anim-transparency\"><div class=\"inner-block\"><\/div><\/div><\/div><\/div><\/div><\/div><\/div><\/div><div class=\"wpr-grid-item-below-content elementor-clearfix\"><div class=\"wpr-grid-item-product_cat elementor-repeater-item-75fa511 wpr-grid-item-display-block wpr-grid-item-align-left wpr-pointer-none wpr-pointer-line-fx wpr-pointer-fx-fade wpr-grid-product-categories\"><div class=\"inner-block\"><a  href=\"https:\/\/otec-yareta.cl\/index.php\/categoria-producto\/ofimatica\/\">Ofim\u00e1tica<\/a><\/div><\/div><h2 class=\"wpr-grid-item-title elementor-repeater-item-69bd972 wpr-grid-item-display-block wpr-grid-item-align-left wpr-pointer-none wpr-pointer-line-fx wpr-pointer-fx-slide\"><div class=\"inner-block\"><a target=\"_self\"   href=\"https:\/\/otec-yareta.cl\/index.php\/producto\/ms-excel-365-nivel-basico\/\">MS Excel 365, nivel b\u00e1sico<\/a><\/div><\/h2><div class=\"wpr-grid-item-rating elementor-repeater-item-c17405b wpr-grid-item-display-block wpr-grid-item-align-left wpr-woo-rating-style-2\"><div class=\"inner-block\"><div class=\"wpr-woo-rating\"><i class=\"wpr-rating-icon-0\">&#9734;<\/i><i class=\"wpr-rating-icon-empty\">&#9734;<\/i><i class=\"wpr-rating-icon-empty\">&#9734;<\/i><i class=\"wpr-rating-icon-empty\">&#9734;<\/i><i class=\"wpr-rating-icon-empty\">&#9734;<\/i><\/div><\/div><\/div><div class=\"wpr-grid-item-price elementor-repeater-item-441f65d wpr-grid-item-display-block wpr-grid-item-align-left\"><div class=\"inner-block\"><span><\/span><\/div><\/div><div class=\"wpr-grid-item-add-to-cart elementor-repeater-item-006cd10 wpr-grid-item-display-block wpr-grid-item-align-left\"><div class=\"inner-block\"><a rel=\"nofollow\" class=\"product_type_simple ajax_add_to_cart wpr-button-effect wpr-button-none \" aria-label=\"Lee m\u00e1s sobre &ldquo;MS Excel 365, nivel b\u00e1sico&rdquo;\" data-product_id=\"1864\" data-product_sku=\"\" data-atc-popup=\"none\" data-atc-animation=\"default\" data-atc-fade-out-in=\"5\" data-atc-animation-time=\"\" href=\"https:\/\/otec-yareta.cl\/index.php\/producto\/ms-excel-365-nivel-basico\/\/?add-to-cart=1864\"><span>Agregar al carrito<\/span><\/a><\/div><\/div><\/div><\/div><\/article><article class=\"wpr-grid-item elementor-clearfix post-1868 product type-product status-publish has-post-thumbnail product_cat-ofimatica  instock shipping-taxable product-type-simple\"><div class=\"wpr-grid-item-inner\"><div class=\"wpr-grid-media-wrap wpr-effect-size-medium \" data-overlay-link=\"yes\"><div class=\"wpr-grid-image-wrap\" data-src=\"https:\/\/otec-yareta.cl\/wp-content\/uploads\/2025\/11\/Curso_Microsoft_excel_365_avanzado.jpg\"  data-img-on-hover=\"\" data-src-secondary=\"\"><img decoding=\"async\" src=\"https:\/\/otec-yareta.cl\/wp-content\/uploads\/2025\/11\/Curso_Microsoft_excel_365_avanzado.jpg\" alt=\"Microsoft Excel 365. Nivel Avanzado\" class=\"wpr-anim-timing-ease-default\"><\/div><div class=\"wpr-grid-media-hover wpr-animation-wrap\"><div class=\"wpr-grid-media-hover-bg  wpr-overlay-fade-in wpr-anim-size-large wpr-anim-timing-ease-default wpr-anim-transparency\" data-url=\"https:\/\/otec-yareta.cl\/index.php\/producto\/microsoft-excel-365-nivel-avanzado\/\"><\/div><div class=\"wpr-cv-container\"><div class=\"wpr-cv-outer\"><div class=\"wpr-cv-inner\"><div class=\"wpr-grid-media-hover-middle elementor-clearfix\"><div class=\"wpr-grid-item-status elementor-repeater-item-8c79e75 wpr-grid-item-display-block wpr-grid-item-align-middle wpr-element-fade-in wpr-anim-size-large wpr-anim-timing-ease-default wpr-anim-transparency\"><div class=\"inner-block\"><\/div><\/div><\/div><\/div><\/div><\/div><\/div><\/div><div class=\"wpr-grid-item-below-content elementor-clearfix\"><div class=\"wpr-grid-item-product_cat elementor-repeater-item-75fa511 wpr-grid-item-display-block wpr-grid-item-align-left wpr-pointer-none wpr-pointer-line-fx wpr-pointer-fx-fade wpr-grid-product-categories\"><div class=\"inner-block\"><a  href=\"https:\/\/otec-yareta.cl\/index.php\/categoria-producto\/ofimatica\/\">Ofim\u00e1tica<\/a><\/div><\/div><h2 class=\"wpr-grid-item-title elementor-repeater-item-69bd972 wpr-grid-item-display-block wpr-grid-item-align-left wpr-pointer-none wpr-pointer-line-fx wpr-pointer-fx-slide\"><div class=\"inner-block\"><a target=\"_self\"   href=\"https:\/\/otec-yareta.cl\/index.php\/producto\/microsoft-excel-365-nivel-avanzado\/\">Microsoft Excel 365. Nivel Avanzado<\/a><\/div><\/h2><div class=\"wpr-grid-item-rating elementor-repeater-item-c17405b wpr-grid-item-display-block wpr-grid-item-align-left wpr-woo-rating-style-2\"><div class=\"inner-block\"><div class=\"wpr-woo-rating\"><i class=\"wpr-rating-icon-0\">&#9734;<\/i><i class=\"wpr-rating-icon-empty\">&#9734;<\/i><i class=\"wpr-rating-icon-empty\">&#9734;<\/i><i class=\"wpr-rating-icon-empty\">&#9734;<\/i><i class=\"wpr-rating-icon-empty\">&#9734;<\/i><\/div><\/div><\/div><div class=\"wpr-grid-item-price elementor-repeater-item-441f65d wpr-grid-item-display-block wpr-grid-item-align-left\"><div class=\"inner-block\"><span><\/span><\/div><\/div><div class=\"wpr-grid-item-add-to-cart elementor-repeater-item-006cd10 wpr-grid-item-display-block wpr-grid-item-align-left\"><div class=\"inner-block\"><a rel=\"nofollow\" class=\"product_type_simple ajax_add_to_cart wpr-button-effect wpr-button-none \" aria-label=\"Lee m\u00e1s sobre &ldquo;Microsoft Excel 365. Nivel Avanzado&rdquo;\" data-product_id=\"1868\" data-product_sku=\"\" data-atc-popup=\"none\" data-atc-animation=\"default\" data-atc-fade-out-in=\"5\" data-atc-animation-time=\"\" href=\"https:\/\/otec-yareta.cl\/index.php\/producto\/microsoft-excel-365-nivel-avanzado\/\/?add-to-cart=1868\"><span>Agregar al carrito<\/span><\/a><\/div><\/div><\/div><\/div><\/article><article class=\"wpr-grid-item elementor-clearfix post-1866 product type-product status-publish has-post-thumbnail product_cat-ofimatica  instock shipping-taxable product-type-simple\"><div class=\"wpr-grid-item-inner\"><div class=\"wpr-grid-media-wrap wpr-effect-size-medium \" data-overlay-link=\"yes\"><div class=\"wpr-grid-image-wrap\" data-src=\"https:\/\/otec-yareta.cl\/wp-content\/uploads\/2025\/11\/curso-office-365-excel-intermedio.jpg\"  data-img-on-hover=\"\" data-src-secondary=\"\"><img decoding=\"async\" src=\"https:\/\/otec-yareta.cl\/wp-content\/uploads\/2025\/11\/curso-office-365-excel-intermedio.jpg\" alt=\"MS Excel 365, nivel Intermedio\" class=\"wpr-anim-timing-ease-default\"><\/div><div class=\"wpr-grid-media-hover wpr-animation-wrap\"><div class=\"wpr-grid-media-hover-bg  wpr-overlay-fade-in wpr-anim-size-large wpr-anim-timing-ease-default wpr-anim-transparency\" data-url=\"https:\/\/otec-yareta.cl\/index.php\/producto\/ms-excel-365-nivel-intermedio\/\"><\/div><div class=\"wpr-cv-container\"><div class=\"wpr-cv-outer\"><div class=\"wpr-cv-inner\"><div class=\"wpr-grid-media-hover-middle elementor-clearfix\"><div class=\"wpr-grid-item-status elementor-repeater-item-8c79e75 wpr-grid-item-display-block wpr-grid-item-align-middle wpr-element-fade-in wpr-anim-size-large wpr-anim-timing-ease-default wpr-anim-transparency\"><div class=\"inner-block\"><\/div><\/div><\/div><\/div><\/div><\/div><\/div><\/div><div class=\"wpr-grid-item-below-content elementor-clearfix\"><div class=\"wpr-grid-item-product_cat elementor-repeater-item-75fa511 wpr-grid-item-display-block wpr-grid-item-align-left wpr-pointer-none wpr-pointer-line-fx wpr-pointer-fx-fade wpr-grid-product-categories\"><div class=\"inner-block\"><a  href=\"https:\/\/otec-yareta.cl\/index.php\/categoria-producto\/ofimatica\/\">Ofim\u00e1tica<\/a><\/div><\/div><h2 class=\"wpr-grid-item-title elementor-repeater-item-69bd972 wpr-grid-item-display-block wpr-grid-item-align-left wpr-pointer-none wpr-pointer-line-fx wpr-pointer-fx-slide\"><div class=\"inner-block\"><a target=\"_self\"   href=\"https:\/\/otec-yareta.cl\/index.php\/producto\/ms-excel-365-nivel-intermedio\/\">MS Excel 365, nivel Intermedio<\/a><\/div><\/h2><div class=\"wpr-grid-item-rating elementor-repeater-item-c17405b wpr-grid-item-display-block wpr-grid-item-align-left wpr-woo-rating-style-2\"><div class=\"inner-block\"><div class=\"wpr-woo-rating\"><i class=\"wpr-rating-icon-0\">&#9734;<\/i><i class=\"wpr-rating-icon-empty\">&#9734;<\/i><i class=\"wpr-rating-icon-empty\">&#9734;<\/i><i class=\"wpr-rating-icon-empty\">&#9734;<\/i><i class=\"wpr-rating-icon-empty\">&#9734;<\/i><\/div><\/div><\/div><div class=\"wpr-grid-item-price elementor-repeater-item-441f65d wpr-grid-item-display-block wpr-grid-item-align-left\"><div class=\"inner-block\"><span><\/span><\/div><\/div><div class=\"wpr-grid-item-add-to-cart elementor-repeater-item-006cd10 wpr-grid-item-display-block wpr-grid-item-align-left\"><div class=\"inner-block\"><a rel=\"nofollow\" class=\"product_type_simple ajax_add_to_cart wpr-button-effect wpr-button-none \" aria-label=\"Lee m\u00e1s sobre &ldquo;MS Excel 365, nivel Intermedio&rdquo;\" data-product_id=\"1866\" data-product_sku=\"\" data-atc-popup=\"none\" data-atc-animation=\"default\" data-atc-fade-out-in=\"5\" data-atc-animation-time=\"\" href=\"https:\/\/otec-yareta.cl\/index.php\/producto\/ms-excel-365-nivel-intermedio\/\/?add-to-cart=1866\"><span>Agregar al carrito<\/span><\/a><\/div><\/div><\/div><\/div><\/article><\/section>\t\t\t\t<\/div>\n\t\t\t\t<\/div>\n\t\t\t\t\t<\/div>\n\t\t\t\t<\/div>\n\t\t\t\t<\/div>\n\t\t","protected":false},"excerpt":{"rendered":"<p>All Sin categorizar Ofim\u00e1tica Ofim\u00e1tica Microsoft Excel 365. Nivel Avanzado &#9734;&#9734;&#9734;&#9734;&#9734;Agregar al carrito Ofim\u00e1tica MS Excel 365, nivel Intermedio &#9734;&#9734;&#9734;&#9734;&#9734;Agregar al carrito Ofim\u00e1tica MS Excel 365, nivel b\u00e1sico &#9734;&#9734;&#9734;&#9734;&#9734;Agregar al carrito<\/p>\n","protected":false},"author":1,"featured_media":0,"parent":0,"menu_order":0,"comment_status":"closed","ping_status":"closed","template":"","meta":{"footnotes":""},"class_list":["post-14","page","type-page","status-publish","hentry"],"blocksy_meta":[],"acf":[],"_links":{"self":[{"href":"https:\/\/otec-yareta.cl\/index.php\/wp-json\/wp\/v2\/pages\/14","targetHints":{"allow":["GET"]}}],"collection":[{"href":"https:\/\/otec-yareta.cl\/index.php\/wp-json\/wp\/v2\/pages"}],"about":[{"href":"https:\/\/otec-yareta.cl\/index.php\/wp-json\/wp\/v2\/types\/page"}],"author":[{"embeddable":true,"href":"https:\/\/otec-yareta.cl\/index.php\/wp-json\/wp\/v2\/users\/1"}],"replies":[{"embeddable":true,"href":"https:\/\/otec-yareta.cl\/index.php\/wp-json\/wp\/v2\/comments?post=14"}],"version-history":[{"count":25,"href":"https:\/\/otec-yareta.cl\/index.php\/wp-json\/wp\/v2\/pages\/14\/revisions"}],"predecessor-version":[{"id":1884,"href":"https:\/\/otec-yareta.cl\/index.php\/wp-json\/wp\/v2\/pages\/14\/revisions\/1884"}],"wp:attachment":[{"href":"https:\/\/otec-yareta.cl\/index.php\/wp-json\/wp\/v2\/media?parent=14"}],"curies":[{"name":"wp","href":"https:\/\/api.w.org\/{rel}","templated":true}]}}