{"id":1868,"date":"2025-11-19T09:22:08","date_gmt":"2025-11-19T09:22:08","guid":{"rendered":"https:\/\/otec-yareta.cl\/?post_type=product&#038;p=1868"},"modified":"2025-11-19T14:13:16","modified_gmt":"2025-11-19T14:13:16","slug":"microsoft-excel-365-nivel-avanzado","status":"publish","type":"product","link":"https:\/\/otec-yareta.cl\/index.php\/producto\/microsoft-excel-365-nivel-avanzado\/","title":{"rendered":"Microsoft Excel 365. Nivel Avanzado"},"content":{"rendered":"<p>En este <strong>curso avanzado de Microsoft Excel 365<\/strong>, el estudiante desarrollar\u00e1 competencias para <strong>aplicar de manera eficiente herramientas y funciones avanzadas que optimizan la gesti\u00f3n, an\u00e1lisis y presentaci\u00f3n de datos.<\/strong><\/p>\n<p>Al finalizar, el participante ser\u00e1 capaz de:<\/p>\n<ul>\n<li><strong>Analizar datos complejos <\/strong>mediante el uso de Solver, Administrador de escenarios y la herramienta Buscar objetivo, resolviendo problemas con m\u00faltiples variables y restricciones.<\/li>\n<li><strong>Validar datos<\/strong> estableciendo criterios personalizados y configurando mensajes que aseguren la integridad de la informaci\u00f3n en hojas de c\u00e1lculo.<\/li>\n<li><strong>Aplicar formatos condicionales avanzados<\/strong>, tanto con f\u00f3rmulas como con funciones, para resaltar patrones y tendencias relevantes.<\/li>\n<li><strong>Utilizar funciones de b\u00fasqueda complejas<\/strong> como BUSCARV y BUSCARH en escenarios avanzados, optimizando la localizaci\u00f3n y vinculaci\u00f3n de informaci\u00f3n.<\/li>\n<li><strong>Trabajar con funciones de bases de datos<\/strong>, tales como BDContar, BDpromedio, BDsuma y funciones condicionales (CONJUNTO), para filtrar, calcular y consolidar grandes vol\u00famenes de datos.<\/li>\n<li><strong>Dise\u00f1ar y personalizar tablas din\u00e1micas con opciones avanzadas<\/strong>, incluyendo la conexi\u00f3n con datos externos y el uso de consultas a trav\u00e9s de MS Query.<\/li>\n<li><strong>Automatizar tareas repetitivas mediante la creaci\u00f3n y ejecuci\u00f3n de macros<\/strong>, comprendiendo su relaci\u00f3n con Visual Basic para Aplicaciones (VBA).<\/li>\n<\/ul>\n<p>Este curso est\u00e1 dirigido a administrativos, secretarias, supervisores y jefes que requieran potenciar su productividad y mejorar la toma de decisiones a partir de un manejo profesional y automatizado de Excel.<\/p>\n","protected":false},"excerpt":{"rendered":"<p>En este curso avanzado de Microsoft Excel 365, el estudiante desarrollar\u00e1 competencias para aplicar de manera eficiente herramientas y funciones avanzadas que optimizan la gesti\u00f3n, an\u00e1lisis y presentaci\u00f3n de datos. Al finalizar, el participante ser\u00e1 capaz de: Analizar datos complejos mediante el uso de Solver, Administrador de escenarios y la herramienta Buscar objetivo, resolviendo problemas con m\u00faltiples variables y restricciones. Validar datos estableciendo criterios personalizados y configurando mensajes que aseguren la integridad de la informaci\u00f3n en hojas de c\u00e1lculo. Aplicar formatos condicionales avanzados, tanto con f\u00f3rmulas como con funciones, para resaltar patrones y tendencias relevantes. Utilizar funciones de b\u00fasqueda complejas como BUSCARV y BUSCARH en escenarios avanzados, optimizando la localizaci\u00f3n y vinculaci\u00f3n de informaci\u00f3n. Trabajar con funciones de bases de datos, tales como BDContar, BDpromedio, BDsuma y funciones condicionales (CONJUNTO), para filtrar, calcular y consolidar grandes vol\u00famenes de datos. Dise\u00f1ar y personalizar tablas din\u00e1micas con opciones avanzadas, incluyendo la conexi\u00f3n con datos externos y el uso de consultas a trav\u00e9s de MS Query. Automatizar tareas repetitivas mediante la creaci\u00f3n y ejecuci\u00f3n de macros, comprendiendo su relaci\u00f3n con Visual Basic para Aplicaciones (VBA). Este curso est\u00e1 dirigido a administrativos, secretarias, supervisores y jefes que requieran potenciar su productividad y mejorar la toma de decisiones a partir de un manejo profesional y automatizado de Excel.<\/p>\n","protected":false},"featured_media":1869,"comment_status":"open","ping_status":"closed","template":"","meta":[],"product_brand":[],"product_cat":[22],"product_tag":[],"class_list":{"0":"post-1868","1":"product","2":"type-product","3":"status-publish","4":"has-post-thumbnail","6":"product_cat-ofimatica","8":"first","9":"instock","10":"shipping-taxable","11":"product-type-simple"},"acf":[],"_links":{"self":[{"href":"https:\/\/otec-yareta.cl\/index.php\/wp-json\/wp\/v2\/product\/1868","targetHints":{"allow":["GET"]}}],"collection":[{"href":"https:\/\/otec-yareta.cl\/index.php\/wp-json\/wp\/v2\/product"}],"about":[{"href":"https:\/\/otec-yareta.cl\/index.php\/wp-json\/wp\/v2\/types\/product"}],"replies":[{"embeddable":true,"href":"https:\/\/otec-yareta.cl\/index.php\/wp-json\/wp\/v2\/comments?post=1868"}],"wp:featuredmedia":[{"embeddable":true,"href":"https:\/\/otec-yareta.cl\/index.php\/wp-json\/wp\/v2\/media\/1869"}],"wp:attachment":[{"href":"https:\/\/otec-yareta.cl\/index.php\/wp-json\/wp\/v2\/media?parent=1868"}],"wp:term":[{"taxonomy":"product_brand","embeddable":true,"href":"https:\/\/otec-yareta.cl\/index.php\/wp-json\/wp\/v2\/product_brand?post=1868"},{"taxonomy":"product_cat","embeddable":true,"href":"https:\/\/otec-yareta.cl\/index.php\/wp-json\/wp\/v2\/product_cat?post=1868"},{"taxonomy":"product_tag","embeddable":true,"href":"https:\/\/otec-yareta.cl\/index.php\/wp-json\/wp\/v2\/product_tag?post=1868"}],"curies":[{"name":"wp","href":"https:\/\/api.w.org\/{rel}","templated":true}]}}